{"id":8359,"date":"2022-03-22T00:57:08","date_gmt":"2022-03-21T23:57:08","guid":{"rendered":"https:\/\/therenegades.live\/?page_id=8359"},"modified":"2024-04-29T15:55:03","modified_gmt":"2024-04-29T13:55:03","slug":"nous-soutenir","status":"publish","type":"page","link":"https:\/\/renegades.live\/?page_id=8359","title":{"rendered":"Nous soutenir"},"content":{"rendered":"\t\t<div data-elementor-type=\"wp-page\" data-elementor-id=\"8359\" class=\"elementor elementor-8359\">\n\t\t\t\t\t\t<section class=\"elementor-section elementor-top-section elementor-element elementor-element-15b6aab elementor-section-boxed elementor-section-height-default elementor-section-height-default\" data-id=\"15b6aab\" data-element_type=\"section\" data-e-type=\"section\">\n\t\t\t\t\t\t<div class=\"elementor-container elementor-column-gap-default\">\n\t\t\t\t\t<div class=\"elementor-column elementor-col-100 elementor-top-column elementor-element elementor-element-3388716\" data-id=\"3388716\" data-element_type=\"column\" data-e-type=\"column\">\n\t\t\t<div class=\"elementor-widget-wrap elementor-element-populated\">\n\t\t\t\t\t\t<div class=\"elementor-element elementor-element-3828983 elementor-widget elementor-widget-image\" data-id=\"3828983\" data-element_type=\"widget\" data-e-type=\"widget\" data-widget_type=\"image.default\">\n\t\t\t\t<div class=\"elementor-widget-container\">\n\t\t\t\t\t\t\t\t\t\t\t\t\t\t\t<img fetchpriority=\"high\" decoding=\"async\" width=\"1080\" height=\"100\" src=\"https:\/\/renegades.live\/wp-content\/uploads\/2022\/03\/SOUTENIRSW.jpg\" class=\"attachment-full size-full wp-image-8294\" alt=\"\" srcset=\"https:\/\/renegades.live\/wp-content\/uploads\/2022\/03\/SOUTENIRSW.jpg 1080w, https:\/\/renegades.live\/wp-content\/uploads\/2022\/03\/SOUTENIRSW-300x28.jpg 300w, https:\/\/renegades.live\/wp-content\/uploads\/2022\/03\/SOUTENIRSW-1024x95.jpg 1024w, https:\/\/renegades.live\/wp-content\/uploads\/2022\/03\/SOUTENIRSW-768x71.jpg 768w\" sizes=\"(max-width: 1080px) 100vw, 1080px\" \/>\t\t\t\t\t\t\t\t\t\t\t\t\t\t\t<\/div>\n\t\t\t\t<\/div>\n\t\t\t\t<div class=\"elementor-element elementor-element-46f2db4 elementor-widget elementor-widget-text-editor\" data-id=\"46f2db4\" data-element_type=\"widget\" data-e-type=\"widget\" data-widget_type=\"text-editor.default\">\n\t\t\t\t<div class=\"elementor-widget-container\">\n\t\t\t\t\t\t\t\t\t<p>Pour nous soutenir dans notre projet et nous permettre d&rsquo;avancer, vous pouvez le faire de plusieurs mani\u00e8res !<br>En nous suivant sur nos r\u00e9seaux, en parlant de l&rsquo;association et de nos streams, m\u00e9dias et projets autour de vous, \u00e0 vos proches, familles, amis, connaissances !<\/p>\n<p>Comme tout projet, m\u00eame associatif, nous avons des frais de fonctionnement, pour un site Internet, des services de multi streaming, un nom de domaine, l&rsquo;acquisition de mat\u00e9riel logistique permettant de conserver notre ind\u00e9pendance. Afin de nous aider \u00e0 financer ces ressources, vous pouvez participer de plusieurs mani\u00e8res diff\u00e9rentes :<\/p>\n<p><strong>&#8211; Donner sur notre&nbsp;<\/strong><a href=\"https:\/\/streamelements.com\/renegades-9923\/tip\" target=\"_blank\"><b>page d\u00e9di\u00e9e<\/b><\/a><strong>.<\/strong><br><strong>&#8211; Nous soutenir via le syst\u00e8me de subs sur Twitch afin d&rsquo;aider la chaine \u00e0 devenir partenaire et gagner en visibilit\u00e9.<\/strong><\/p>\t\t\t\t\t\t\t\t<\/div>\n\t\t\t\t<\/div>\n\t\t\t\t\t<\/div>\n\t\t<\/div>\n\t\t\t\t\t<\/div>\n\t\t<\/section>\n\t\t\t\t<\/div>\n\t\t","protected":false},"excerpt":{"rendered":"<p>Pour nous soutenir dans notre projet et nous permettre d&rsquo;avancer, vous pouvez le faire de&#8230;<\/p>\n","protected":false},"author":1,"featured_media":0,"parent":0,"menu_order":0,"comment_status":"closed","ping_status":"closed","template":"","meta":{"_monsterinsights_skip_tracking":false,"_monsterinsights_sitenote_active":false,"_monsterinsights_sitenote_note":"","_monsterinsights_sitenote_category":0,"footnotes":""},"class_list":["post-8359","page","type-page","status-publish","hentry"],"aioseo_notices":[],"_links":{"self":[{"href":"https:\/\/renegades.live\/index.php?rest_route=\/wp\/v2\/pages\/8359","targetHints":{"allow":["GET"]}}],"collection":[{"href":"https:\/\/renegades.live\/index.php?rest_route=\/wp\/v2\/pages"}],"about":[{"href":"https:\/\/renegades.live\/index.php?rest_route=\/wp\/v2\/types\/page"}],"author":[{"embeddable":true,"href":"https:\/\/renegades.live\/index.php?rest_route=\/wp\/v2\/users\/1"}],"replies":[{"embeddable":true,"href":"https:\/\/renegades.live\/index.php?rest_route=%2Fwp%2Fv2%2Fcomments&post=8359"}],"version-history":[{"count":6,"href":"https:\/\/renegades.live\/index.php?rest_route=\/wp\/v2\/pages\/8359\/revisions"}],"predecessor-version":[{"id":10200,"href":"https:\/\/renegades.live\/index.php?rest_route=\/wp\/v2\/pages\/8359\/revisions\/10200"}],"wp:attachment":[{"href":"https:\/\/renegades.live\/index.php?rest_route=%2Fwp%2Fv2%2Fmedia&parent=8359"}],"curies":[{"name":"wp","href":"https:\/\/api.w.org\/{rel}","templated":true}]}}